{"id":136,"date":"2011-10-27T11:45:00","date_gmt":"2011-10-27T11:45:00","guid":{"rendered":"http:\/\/www.garbici.com\/?page_id=136"},"modified":"2015-02-09T11:06:39","modified_gmt":"2015-02-09T10:06:39","slug":"bares-para-almuerzo-ciclista","status":"publish","type":"page","link":"https:\/\/garbici.com\/?page_id=136","title":{"rendered":"Bares para almuerzo ciclista"},"content":{"rendered":"<p>Estos son los bares que por ahora tenemos fichados. Iremos ampliando el cat\u00e1logo pero si conoces alguno que no hayamos puesto y quieres colaborar solo tienes que rellenar el siguiente formulario indicando si es un bar nuevo y lo incluiremos en el mapa o es una actualizaci\u00f3n de uno ya incluido. Importante el nombre del bar, la direcci\u00f3n y el precio del almuerzo as\u00ed como la fecha de dicho precio. Puedes incluir tambi\u00e9n otras caracter\u00edsticas como el tipo de almuerzo, si dispone de parking para guardar las bicis, cual es el tel\u00e9fono si lo sabes, etc.<\/p>\n<p><iframe loading=\"lazy\" src=\"https:\/\/docs.google.com\/forms\/d\/1sq5AWpt5Nu9PhV03C1czss8Han-YYH0prcei6x5MC5s\/viewform?embedded=true\" width=\"700\" height=\"1100\" frameborder=\"0\" marginheight=\"0\" marginwidth=\"0\">Cargando&#8230;<\/iframe><\/p>\n<p><iframe loading=\"lazy\" src=\"https:\/\/www.google.com\/fusiontables\/embedviz?viz=MAP&amp;q=select+col2+from+2342400+&amp;h=false&amp;lat=39.39054776674058&amp;lng=-0.3727937500000267&amp;z=9&amp;t=1&amp;l=col2\" scrolling=\"no\" width=\"650px\" height=\"700px\"><\/iframe><\/p>\n","protected":false},"excerpt":{"rendered":"<p>Estos son los bares que por ahora tenemos fichados. Iremos ampliando el cat\u00e1logo pero si conoces alguno que no hayamos puesto y quieres colaborar solo tienes que rellenar el siguiente formulario indicando si es un bar nuevo y lo incluiremos en el mapa o es una actualizaci\u00f3n de uno ya incluido. Importante el nombre del&#8230;<\/p>\n","protected":false},"author":3,"featured_media":0,"parent":0,"menu_order":0,"comment_status":"open","ping_status":"closed","template":"","meta":{"ngg_post_thumbnail":0,"_kad_post_transparent":"","_kad_post_title":"","_kad_post_layout":"","_kad_post_sidebar_id":"","_kad_post_content_style":"","_kad_post_vertical_padding":"","_kad_post_feature":"","_kad_post_feature_position":"","_kad_post_header":false,"_kad_post_footer":false,"_kad_post_classname":"","jetpack_post_was_ever_published":false,"footnotes":""},"class_list":["post-136","page","type-page","status-publish","hentry"],"jetpack_sharing_enabled":true,"jetpack_shortlink":"https:\/\/wp.me\/P25PoV-2c","jetpack_likes_enabled":true,"_links":{"self":[{"href":"https:\/\/garbici.com\/index.php?rest_route=\/wp\/v2\/pages\/136","targetHints":{"allow":["GET"]}}],"collection":[{"href":"https:\/\/garbici.com\/index.php?rest_route=\/wp\/v2\/pages"}],"about":[{"href":"https:\/\/garbici.com\/index.php?rest_route=\/wp\/v2\/types\/page"}],"author":[{"embeddable":true,"href":"https:\/\/garbici.com\/index.php?rest_route=\/wp\/v2\/users\/3"}],"replies":[{"embeddable":true,"href":"https:\/\/garbici.com\/index.php?rest_route=%2Fwp%2Fv2%2Fcomments&post=136"}],"version-history":[{"count":0,"href":"https:\/\/garbici.com\/index.php?rest_route=\/wp\/v2\/pages\/136\/revisions"}],"wp:attachment":[{"href":"https:\/\/garbici.com\/index.php?rest_route=%2Fwp%2Fv2%2Fmedia&parent=136"}],"curies":[{"name":"wp","href":"https:\/\/api.w.org\/{rel}","templated":true}]}}