{"id":2739,"date":"2013-07-23T17:59:18","date_gmt":"2013-07-23T15:59:18","guid":{"rendered":"http:\/\/www.garbici.com\/?page_id=2739"},"modified":"2013-07-23T17:59:18","modified_gmt":"2013-07-23T15:59:18","slug":"multimedia","status":"publish","type":"page","link":"https:\/\/garbici.com\/?page_id=2739","title":{"rendered":"Multimedia"},"content":{"rendered":"<p>En esta secci\u00f3n encontrareis gran cantidad de fotos y v\u00eddeos de todas nuestras aventuras por las monta\u00f1as de la Comunidad Valenciana.<\/p>\n<ul>\n<li><span style=\"line-height: 13px;\"><a title=\"Albums de Fotos\" href=\"http:\/\/farnau.webs.upv.es\/Garbici\/?page_id=2723\">Fotos<\/a>.<\/span><\/li>\n<li><a title=\"Colecci\u00f3n de v\u00eddeos\" href=\"http:\/\/farnau.webs.upv.es\/Garbici\/?page_id=2719\">Videos<\/a>.<\/li>\n<\/ul>\n","protected":false},"excerpt":{"rendered":"<p>En esta secci\u00f3n encontrareis gran cantidad de fotos y v\u00eddeos de todas nuestras aventuras por las monta\u00f1as de la Comunidad Valenciana. Fotos. Videos.<\/p>\n","protected":false},"author":4,"featured_media":0,"parent":0,"menu_order":0,"comment_status":"open","ping_status":"closed","template":"","meta":{"ngg_post_thumbnail":0,"_kad_post_transparent":"","_kad_post_title":"","_kad_post_layout":"","_kad_post_sidebar_id":"","_kad_post_content_style":"","_kad_post_vertical_padding":"","_kad_post_feature":"","_kad_post_feature_position":"","_kad_post_header":false,"_kad_post_footer":false,"_kad_post_classname":"","jetpack_post_was_ever_published":false,"footnotes":""},"class_list":["post-2739","page","type-page","status-publish","hentry"],"jetpack_sharing_enabled":true,"jetpack_shortlink":"https:\/\/wp.me\/P25PoV-Ib","jetpack_likes_enabled":true,"_links":{"self":[{"href":"https:\/\/garbici.com\/index.php?rest_route=\/wp\/v2\/pages\/2739","targetHints":{"allow":["GET"]}}],"collection":[{"href":"https:\/\/garbici.com\/index.php?rest_route=\/wp\/v2\/pages"}],"about":[{"href":"https:\/\/garbici.com\/index.php?rest_route=\/wp\/v2\/types\/page"}],"author":[{"embeddable":true,"href":"https:\/\/garbici.com\/index.php?rest_route=\/wp\/v2\/users\/4"}],"replies":[{"embeddable":true,"href":"https:\/\/garbici.com\/index.php?rest_route=%2Fwp%2Fv2%2Fcomments&post=2739"}],"version-history":[{"count":0,"href":"https:\/\/garbici.com\/index.php?rest_route=\/wp\/v2\/pages\/2739\/revisions"}],"wp:attachment":[{"href":"https:\/\/garbici.com\/index.php?rest_route=%2Fwp%2Fv2%2Fmedia&parent=2739"}],"curies":[{"name":"wp","href":"https:\/\/api.w.org\/{rel}","templated":true}]}}