{"id":3401,"date":"2015-02-16T22:54:53","date_gmt":"2015-02-16T21:54:53","guid":{"rendered":"http:\/\/www.garbici.com\/?page_id=3401"},"modified":"2017-03-14T08:08:12","modified_gmt":"2017-03-14T07:08:12","slug":"listado-miembros","status":"publish","type":"page","link":"https:\/\/garbici.com\/?page_id=3401","title":{"rendered":"Listado Miembros"},"content":{"rendered":"<p style=\"text-align: left;\">Estos son los miebros de nuestra pe\u00f1a. En estos momentos la p\u00e1gina \u00fanicamente muestra los miembros de la pe\u00f1a que tienen la cuota de 2017 pagada.<br \/>\nRecordar que nuestro n\u00famero de cuenta de OpenBank es:<\/p>\n<p style=\"text-align: center;\"><em>CC: ES82 0073 0100 5505 0505 4169 a nombre de Asociaci\u00f3n de Bici Todo Terreno de Garb\u00ed<\/em><\/p>\n<div class=\"wrap pdb-list pdb-instance-1 participants-database\" id=\"participants-list-1\">\n  \n<div class=\"pdb-searchform\">\n<div class=\"pdb-error pdb-search-error\" style=\"display:none\">\n<p class=\"search_field_error\">Seleccione un columna para buscar.<\/p>\n<p class=\"value_error\">Por favor, escriba algo para buscar.<\/p>\n<\/div>\n<form method=\"post\" class=\"sort_filter_form\" action=\"https:\/\/garbici.com\/?page_id=3401#participants-list-1\" data-ref=\"update\">\n<input name=\"action\" type=\"hidden\" value=\"pdb_list_filter\" \/>\n\n<input name=\"target_instance\" type=\"hidden\" value=\"1\" \/>\n\n<input name=\"instance_index\" type=\"hidden\" value=\"1\" \/>\n\n<input name=\"pagelink\" type=\"hidden\" value=\"\/index.php?rest_route=%2Fwp%2Fv2%2Fpages%2F3401&amp;listpage=%1$s\" \/>\n\n<input name=\"sess\" type=\"hidden\" value=\"q17gt1dnseqj20vr6c20d6otf5\" \/>\n\n<fieldset class=\"widefat inline-controls\">\n<legend>Buscar<\/legend>\n<select name=\"search_field\" id=\"pdb-search_field-2\" class=\"search-item\">\n<option value=\"none\">escoger<\/option>\n<option value=\"first_name\">Nombre<\/option>\n<option value=\"last_name\">Apellido<\/option>\n<option value=\"cargo\">Cargo<\/option>\n<option value=\"photo\">Foto<\/option>\n<option value=\"bici\">Bici<\/option>\n<\/select>\n\n<input name=\"operator\" type=\"hidden\" class=\"search-item\" value=\"LIKE\" \/>\n<input name=\"value\" id=\"participant_search_term\" class=\"search-item\" type=\"text\" value=\"\" \/>\n\n<input name=\"submit_button\" class=\"search-form-submit\" data-submit=\"search\" type=\"submit\" value=\"Buscar\">\n<input name=\"submit_button\" class=\"search-form-clear\" data-submit=\"clear\" type=\"submit\" value=\"Limpiar\">\n<\/fieldset>\n<fieldset class=\"widefat inline-controls\">\n<legend>Ordenar por<\/legend>\n<select name=\"sortBy\" id=\"pdb-sortBy-2\" class=\"search-item\">\n<option value=\"\"><\/option>\n<option value=\"first_name\">Nombre<\/option>\n<option value=\"last_name\" selected=\"selected\">Apellido<\/option>\n<\/select>\n\n<div class=\"radio-group\">\n<fieldset class=\"no-border\">\n<label class=\"checkbox inline search-item\" for=\"pdb-ascdesc-asc-2\">\n<input name=\"ascdesc\" checked=\"checked\" id=\"pdb-ascdesc-asc-2\" class=\"checkbox inline search-item\" type=\"radio\" value=\"ASC\" \/>\nAscendente<\/label>\n<label class=\"checkbox inline search-item\" for=\"pdb-ascdesc-desc-2\">\n<input name=\"ascdesc\" id=\"pdb-ascdesc-desc-2\" class=\"checkbox inline search-item\" type=\"radio\" value=\"DESC\" \/>\nDescendente<\/label>\n<\/fieldset><!-- .no-border --><\/div><!-- .radio-group -->\n\n<input name=\"submit_button\" data-submit=\"sort\" type=\"submit\" value=\"Ordenar\" \/>\n<\/fieldset>\n<\/form><\/div>  <table class=\"wp-list-table widefat fixed pages list-container\" >\n\n          <caption class=\"pdb-list-count\"><span class=\"list-display-count\">Miembros totales: 22, mostrando 20 por p\u00e1gina<\/span><\/caption>    \n\n    \n      <thead>\n        <tr>\n          <th class=\"first_name\" scope=\"col\">Nombre<\/th><th class=\"last_name\" scope=\"col\">Apellido<\/th><th class=\"cargo\" scope=\"col\">Cargo<\/th><th class=\"photo\" scope=\"col\">Foto<\/th><th class=\"bici\" scope=\"col\">Bici<\/th>        <\/tr>\n      <\/thead>\n\n      <tbody>\n                    <tr>\n    \n              <td class=\"first_name-field\">\n                \n      Ximo              <\/td>\n\n          \n              <td class=\"last_name-field\">\n                \n      Adsuara              <\/td>\n\n          \n              <td class=\"cargo-field\">\n                \n      Vicepresidente              <\/td>\n\n          \n              <td class=\"photo-field\">\n                \n      <span class=\"image-field-wrap basename pdb-image image-field-wrap  display-mode-image\"><a href=\"https:\/\/garbici.com\/Garbici\/wp-content\/uploads\/participants-database\/ximo.jpg\" rel=\"lightbox\" title=\"ximo.jpg\"><img decoding=\"async\" src=\"https:\/\/garbici.com\/Garbici\/wp-content\/uploads\/participants-database\/ximo.jpg\" \/><\/a><\/span>              <\/td>\n\n          \n              <td class=\"bici-field\">\n                \n      Giant Anthem 26              <\/td>\n\n                    <\/tr>\n            <tr>\n    \n              <td class=\"first_name-field\">\n                \n      Paco              <\/td>\n\n          \n              <td class=\"last_name-field\">\n                \n      Albiach              <\/td>\n\n          \n              <td class=\"cargo-field\">\n                \n                    <\/td>\n\n          \n              <td class=\"photo-field\">\n                \n      <span class=\"image-field-wrap basename pdb-image image-field-wrap  display-mode-image\"><a href=\"https:\/\/garbici.com\/Garbici\/wp-content\/uploads\/participants-database\/20170625_105140_rec.jpg\" rel=\"lightbox\" title=\"20170625_105140_rec.jpg\"><img decoding=\"async\" src=\"https:\/\/garbici.com\/Garbici\/wp-content\/uploads\/participants-database\/20170625_105140_rec.jpg\" \/><\/a><\/span>              <\/td>\n\n          \n              <td class=\"bici-field\">\n                \n      Specialized Epic 29              <\/td>\n\n                    <\/tr>\n            <tr>\n    \n              <td class=\"first_name-field\">\n                \n      Adri\u00e1n              <\/td>\n\n          \n              <td class=\"last_name-field\">\n                \n      Albiach              <\/td>\n\n          \n              <td class=\"cargo-field\">\n                \n                    <\/td>\n\n          \n              <td class=\"photo-field\">\n                \n      <span class=\"image-field-wrap basename pdb-image image-field-wrap  display-mode-image\"><a href=\"https:\/\/garbici.com\/Garbici\/wp-content\/uploads\/participants-database\/adrian.jpg\" rel=\"lightbox\" title=\"adrian.jpg\"><img decoding=\"async\" src=\"https:\/\/garbici.com\/Garbici\/wp-content\/uploads\/participants-database\/adrian.jpg\" \/><\/a><\/span>              <\/td>\n\n          \n              <td class=\"bici-field\">\n                \n      Berria Bravo 8.2              <\/td>\n\n                    <\/tr>\n            <tr>\n    \n              <td class=\"first_name-field\">\n                \n      Paco              <\/td>\n\n          \n              <td class=\"last_name-field\">\n                \n      Arnau              <\/td>\n\n          \n              <td class=\"cargo-field\">\n                \n      Tesorero              <\/td>\n\n          \n              <td class=\"photo-field\">\n                \n      <span class=\"image-field-wrap basename pdb-image image-field-wrap  display-mode-image\"><a href=\"https:\/\/garbici.com\/Garbici\/wp-content\/uploads\/participants-database\/20170625_105317_2.jpg\" rel=\"lightbox\" title=\"20170625_105317_2.jpg\"><img decoding=\"async\" src=\"https:\/\/garbici.com\/Garbici\/wp-content\/uploads\/participants-database\/20170625_105317_2.jpg\" \/><\/a><\/span>              <\/td>\n\n          \n              <td class=\"bici-field\">\n                \n      Giant Anthem 27.5              <\/td>\n\n                    <\/tr>\n            <tr>\n    \n              <td class=\"first_name-field\">\n                \n      Amparo              <\/td>\n\n          \n              <td class=\"last_name-field\">\n                \n      Bol\u00f3s              <\/td>\n\n          \n              <td class=\"cargo-field\">\n                \n                    <\/td>\n\n          \n              <td class=\"photo-field\">\n                \n      <span class=\"image-field-wrap default-image pdb-image image-field-wrap  display-mode-image\"><img decoding=\"async\" src=\"https:\/\/garbici.com\/Garbici\/wp-content\/plugins\/participants-database\/ui\/no-image.png\" \/><\/span>              <\/td>\n\n          \n              <td class=\"bici-field\">\n                \n                    <\/td>\n\n                    <\/tr>\n            <tr>\n    \n              <td class=\"first_name-field\">\n                \n      Alberto              <\/td>\n\n          \n              <td class=\"last_name-field\">\n                \n      Cabrera              <\/td>\n\n          \n              <td class=\"cargo-field\">\n                \n                    <\/td>\n\n          \n              <td class=\"photo-field\">\n                \n      <span class=\"image-field-wrap default-image pdb-image image-field-wrap  display-mode-image\"><img decoding=\"async\" src=\"https:\/\/garbici.com\/Garbici\/wp-content\/plugins\/participants-database\/ui\/no-image.png\" \/><\/span>              <\/td>\n\n          \n              <td class=\"bici-field\">\n                \n      Specialized Epic 29              <\/td>\n\n                    <\/tr>\n            <tr>\n    \n              <td class=\"first_name-field\">\n                \n      Rosa              <\/td>\n\n          \n              <td class=\"last_name-field\">\n                \n      Cervell\u00f3              <\/td>\n\n          \n              <td class=\"cargo-field\">\n                \n      Vocal              <\/td>\n\n          \n              <td class=\"photo-field\">\n                \n      <span class=\"image-field-wrap basename pdb-image image-field-wrap  display-mode-image\"><a href=\"https:\/\/garbici.com\/Garbici\/wp-content\/uploads\/participants-database\/rosa.jpg\" rel=\"lightbox\" title=\"rosa.jpg\"><img decoding=\"async\" src=\"https:\/\/garbici.com\/Garbici\/wp-content\/uploads\/participants-database\/rosa.jpg\" \/><\/a><\/span>              <\/td>\n\n          \n              <td class=\"bici-field\">\n                \n                    <\/td>\n\n                    <\/tr>\n            <tr>\n    \n              <td class=\"first_name-field\">\n                \n      Maria Jose              <\/td>\n\n          \n              <td class=\"last_name-field\">\n                \n      Correcher              <\/td>\n\n          \n              <td class=\"cargo-field\">\n                \n      Presidenta              <\/td>\n\n          \n              <td class=\"photo-field\">\n                \n      <span class=\"image-field-wrap basename pdb-image image-field-wrap  display-mode-image\"><a href=\"https:\/\/garbici.com\/Garbici\/wp-content\/uploads\/participants-database\/mariajose.jpg\" rel=\"lightbox\" title=\"mariajose.jpg\"><img decoding=\"async\" src=\"https:\/\/garbici.com\/Garbici\/wp-content\/uploads\/participants-database\/mariajose.jpg\" \/><\/a><\/span>              <\/td>\n\n          \n              <td class=\"bici-field\">\n                \n      Mondraker Phase 27.5              <\/td>\n\n                    <\/tr>\n            <tr>\n    \n              <td class=\"first_name-field\">\n                \n      Alberto              <\/td>\n\n          \n              <td class=\"last_name-field\">\n                \n      Dev\u00eds              <\/td>\n\n          \n              <td class=\"cargo-field\">\n                \n      Secretario              <\/td>\n\n          \n              <td class=\"photo-field\">\n                \n      <span class=\"image-field-wrap basename pdb-image image-field-wrap  display-mode-image\"><a href=\"https:\/\/garbici.com\/Garbici\/wp-content\/uploads\/participants-database\/20170625_105250_2.jpg\" rel=\"lightbox\" title=\"20170625_105250_2.jpg\"><img decoding=\"async\" src=\"https:\/\/garbici.com\/Garbici\/wp-content\/uploads\/participants-database\/20170625_105250_2.jpg\" \/><\/a><\/span>              <\/td>\n\n          \n              <td class=\"bici-field\">\n                \n      Specialized Epic 29              <\/td>\n\n                    <\/tr>\n            <tr>\n    \n              <td class=\"first_name-field\">\n                \n      Jose Mar\u00eda              <\/td>\n\n          \n              <td class=\"last_name-field\">\n                \n      Lozano              <\/td>\n\n          \n              <td class=\"cargo-field\">\n                \n                    <\/td>\n\n          \n              <td class=\"photo-field\">\n                \n      <span class=\"image-field-wrap basename pdb-image image-field-wrap  display-mode-image\"><a href=\"https:\/\/garbici.com\/Garbici\/wp-content\/uploads\/participants-database\/lozano.jpg\" rel=\"lightbox\" title=\"lozano.jpg\"><img decoding=\"async\" src=\"https:\/\/garbici.com\/Garbici\/wp-content\/uploads\/participants-database\/lozano.jpg\" \/><\/a><\/span>              <\/td>\n\n          \n              <td class=\"bici-field\">\n                \n      Specialized Epic 29              <\/td>\n\n                    <\/tr>\n            <tr>\n    \n              <td class=\"first_name-field\">\n                \n      Felipe              <\/td>\n\n          \n              <td class=\"last_name-field\">\n                \n      Mateu              <\/td>\n\n          \n              <td class=\"cargo-field\">\n                \n                    <\/td>\n\n          \n              <td class=\"photo-field\">\n                \n      <span class=\"image-field-wrap basename pdb-image image-field-wrap  display-mode-image\"><a href=\"https:\/\/garbici.com\/Garbici\/wp-content\/uploads\/participants-database\/felipe.jpg\" rel=\"lightbox\" title=\"felipe.jpg\"><img decoding=\"async\" src=\"https:\/\/garbici.com\/Garbici\/wp-content\/uploads\/participants-database\/felipe.jpg\" \/><\/a><\/span>              <\/td>\n\n          \n              <td class=\"bici-field\">\n                \n      Lapierre X-Control 26              <\/td>\n\n                    <\/tr>\n            <tr>\n    \n              <td class=\"first_name-field\">\n                \n      Maria              <\/td>\n\n          \n              <td class=\"last_name-field\">\n                \n      Mateu              <\/td>\n\n          \n              <td class=\"cargo-field\">\n                \n                    <\/td>\n\n          \n              <td class=\"photo-field\">\n                \n      <span class=\"image-field-wrap default-image pdb-image image-field-wrap  display-mode-image\"><img decoding=\"async\" src=\"https:\/\/garbici.com\/Garbici\/wp-content\/plugins\/participants-database\/ui\/no-image.png\" \/><\/span>              <\/td>\n\n          \n              <td class=\"bici-field\">\n                \n                    <\/td>\n\n                    <\/tr>\n            <tr>\n    \n              <td class=\"first_name-field\">\n                \n      Javi              <\/td>\n\n          \n              <td class=\"last_name-field\">\n                \n      Mena              <\/td>\n\n          \n              <td class=\"cargo-field\">\n                \n      Vocal              <\/td>\n\n          \n              <td class=\"photo-field\">\n                \n      <span class=\"image-field-wrap basename pdb-image image-field-wrap  display-mode-image\"><a href=\"https:\/\/garbici.com\/Garbici\/wp-content\/uploads\/participants-database\/mena.jpg\" rel=\"lightbox\" title=\"mena.jpg\"><img decoding=\"async\" src=\"https:\/\/garbici.com\/Garbici\/wp-content\/uploads\/participants-database\/mena.jpg\" \/><\/a><\/span>              <\/td>\n\n          \n              <td class=\"bici-field\">\n                \n      Giant XTC 29              <\/td>\n\n                    <\/tr>\n            <tr>\n    \n              <td class=\"first_name-field\">\n                \n      Javi              <\/td>\n\n          \n              <td class=\"last_name-field\">\n                \n      Oliver              <\/td>\n\n          \n              <td class=\"cargo-field\">\n                \n                    <\/td>\n\n          \n              <td class=\"photo-field\">\n                \n      <span class=\"image-field-wrap basename pdb-image image-field-wrap  display-mode-image\"><a href=\"https:\/\/garbici.com\/Garbici\/wp-content\/uploads\/participants-database\/oliver.jpg\" rel=\"lightbox\" title=\"oliver.jpg\"><img decoding=\"async\" src=\"https:\/\/garbici.com\/Garbici\/wp-content\/uploads\/participants-database\/oliver.jpg\" \/><\/a><\/span>              <\/td>\n\n          \n              <td class=\"bici-field\">\n                \n                    <\/td>\n\n                    <\/tr>\n            <tr>\n    \n              <td class=\"first_name-field\">\n                \n      Vicent              <\/td>\n\n          \n              <td class=\"last_name-field\">\n                \n      Puchol              <\/td>\n\n          \n              <td class=\"cargo-field\">\n                \n                    <\/td>\n\n          \n              <td class=\"photo-field\">\n                \n      <span class=\"image-field-wrap basename pdb-image image-field-wrap  display-mode-image\"><a href=\"https:\/\/garbici.com\/Garbici\/wp-content\/uploads\/participants-database\/20170625_105201_002.jpg\" rel=\"lightbox\" title=\"20170625_105201_002.jpg\"><img decoding=\"async\" src=\"https:\/\/garbici.com\/Garbici\/wp-content\/uploads\/participants-database\/20170625_105201_002.jpg\" \/><\/a><\/span>              <\/td>\n\n          \n              <td class=\"bici-field\">\n                \n      Specialized Stumjumper 29              <\/td>\n\n                    <\/tr>\n            <tr>\n    \n              <td class=\"first_name-field\">\n                \n      Noelia              <\/td>\n\n          \n              <td class=\"last_name-field\">\n                \n      Renau              <\/td>\n\n          \n              <td class=\"cargo-field\">\n                \n      Vocal              <\/td>\n\n          \n              <td class=\"photo-field\">\n                \n      <span class=\"image-field-wrap basename pdb-image image-field-wrap  display-mode-image\"><a href=\"https:\/\/garbici.com\/Garbici\/wp-content\/uploads\/participants-database\/noe.jpg\" rel=\"lightbox\" title=\"noe.jpg\"><img decoding=\"async\" src=\"https:\/\/garbici.com\/Garbici\/wp-content\/uploads\/participants-database\/noe.jpg\" \/><\/a><\/span>              <\/td>\n\n          \n              <td class=\"bici-field\">\n                \n      Specialized Epic 29              <\/td>\n\n                    <\/tr>\n            <tr>\n    \n              <td class=\"first_name-field\">\n                \n      Vicente Miguel              <\/td>\n\n          \n              <td class=\"last_name-field\">\n                \n      Renau              <\/td>\n\n          \n              <td class=\"cargo-field\">\n                \n                    <\/td>\n\n          \n              <td class=\"photo-field\">\n                \n      <span class=\"image-field-wrap basename pdb-image image-field-wrap  display-mode-image\"><a href=\"https:\/\/garbici.com\/Garbici\/wp-content\/uploads\/participants-database\/img-20170702-wa0006.jpg\" rel=\"lightbox\" title=\"img-20170702-wa0006.jpg\"><img decoding=\"async\" src=\"https:\/\/garbici.com\/Garbici\/wp-content\/uploads\/participants-database\/img-20170702-wa0006.jpg\" \/><\/a><\/span>              <\/td>\n\n          \n              <td class=\"bici-field\">\n                \n      Specialized Epic 29              <\/td>\n\n                    <\/tr>\n            <tr>\n    \n              <td class=\"first_name-field\">\n                \n      Juanma              <\/td>\n\n          \n              <td class=\"last_name-field\">\n                \n      Renau              <\/td>\n\n          \n              <td class=\"cargo-field\">\n                \n                    <\/td>\n\n          \n              <td class=\"photo-field\">\n                \n      <span class=\"image-field-wrap default-image pdb-image image-field-wrap  display-mode-image\"><img decoding=\"async\" src=\"https:\/\/garbici.com\/Garbici\/wp-content\/plugins\/participants-database\/ui\/no-image.png\" \/><\/span>              <\/td>\n\n          \n              <td class=\"bici-field\">\n                \n                    <\/td>\n\n                    <\/tr>\n            <tr>\n    \n              <td class=\"first_name-field\">\n                \n      Sonia              <\/td>\n\n          \n              <td class=\"last_name-field\">\n                \n      Sanchez              <\/td>\n\n          \n              <td class=\"cargo-field\">\n                \n                    <\/td>\n\n          \n              <td class=\"photo-field\">\n                \n      <span class=\"image-field-wrap basename pdb-image image-field-wrap  display-mode-image\"><a href=\"https:\/\/garbici.com\/Garbici\/wp-content\/uploads\/participants-database\/sonia.jpg\" rel=\"lightbox\" title=\"sonia.jpg\"><img decoding=\"async\" src=\"https:\/\/garbici.com\/Garbici\/wp-content\/uploads\/participants-database\/sonia.jpg\" \/><\/a><\/span>              <\/td>\n\n          \n              <td class=\"bici-field\">\n                \n      Jamis 26              <\/td>\n\n                    <\/tr>\n            <tr>\n    \n              <td class=\"first_name-field\">\n                \n      Jose Francisco              <\/td>\n\n          \n              <td class=\"last_name-field\">\n                \n      Sanchez              <\/td>\n\n          \n              <td class=\"cargo-field\">\n                \n                    <\/td>\n\n          \n              <td class=\"photo-field\">\n                \n      <span class=\"image-field-wrap basename pdb-image image-field-wrap  display-mode-image\"><a href=\"https:\/\/garbici.com\/Garbici\/wp-content\/uploads\/participants-database\/20170702_095901.jpg\" rel=\"lightbox\" title=\"20170702_095901.jpg\"><img decoding=\"async\" src=\"https:\/\/garbici.com\/Garbici\/wp-content\/uploads\/participants-database\/20170702_095901.jpg\" \/><\/a><\/span>              <\/td>\n\n          \n              <td class=\"bici-field\">\n                \n      Specialized Epic 29              <\/td>\n\n                    <\/tr>\n        <\/tbody>\n\n\n  <\/table>\n  <div data-action=\"pdb_list_filter\" class=\"pagination pdb-pagination \"><ul><li class=\"disabled\"><span><span title=\"Anterior\" class=\"dashicons dashicons-previous-page\"><\/span><\/span><\/li> <li class=\"currentpage\"><span>1<\/span><\/li> <li class=\"direct-page\"><a href=\"\/index.php?rest_route=%2Fwp%2Fv2%2Fpages%2F3401&amp;listpage=2&amp;instance=1\" data-page=\"2\">2<\/a><\/li><li class=\"nextpage\"><a title=\"Siguiente\" href=\"\/index.php?rest_route=%2Fwp%2Fv2%2Fpages%2F3401&amp;listpage=2&amp;instance=1\" data-page=\"2\"><span class=\"dashicons dashicons-next-page\"><\/span><\/a><\/li><\/ul><\/div><\/div>\n","protected":false},"excerpt":{"rendered":"<p>Estos son los miebros de nuestra pe\u00f1a. En estos momentos la p\u00e1gina \u00fanicamente muestra los miembros de la pe\u00f1a que tienen la cuota de 2017 pagada. Recordar que nuestro n\u00famero de cuenta de OpenBank es: CC: ES82 0073 0100 5505 0505 4169 a nombre de Asociaci\u00f3n de Bici Todo Terreno de Garb\u00ed<\/p>\n","protected":false},"author":4,"featured_media":0,"parent":0,"menu_order":0,"comment_status":"open","ping_status":"closed","template":"","meta":{"ngg_post_thumbnail":0,"_kad_post_transparent":"","_kad_post_title":"","_kad_post_layout":"","_kad_post_sidebar_id":"","_kad_post_content_style":"","_kad_post_vertical_padding":"","_kad_post_feature":"","_kad_post_feature_position":"","_kad_post_header":false,"_kad_post_footer":false,"_kad_post_classname":"","jetpack_post_was_ever_published":false,"footnotes":""},"class_list":["post-3401","page","type-page","status-publish","hentry"],"jetpack_sharing_enabled":true,"jetpack_shortlink":"https:\/\/wp.me\/P25PoV-SR","jetpack_likes_enabled":true,"_links":{"self":[{"href":"https:\/\/garbici.com\/index.php?rest_route=\/wp\/v2\/pages\/3401","targetHints":{"allow":["GET"]}}],"collection":[{"href":"https:\/\/garbici.com\/index.php?rest_route=\/wp\/v2\/pages"}],"about":[{"href":"https:\/\/garbici.com\/index.php?rest_route=\/wp\/v2\/types\/page"}],"author":[{"embeddable":true,"href":"https:\/\/garbici.com\/index.php?rest_route=\/wp\/v2\/users\/4"}],"replies":[{"embeddable":true,"href":"https:\/\/garbici.com\/index.php?rest_route=%2Fwp%2Fv2%2Fcomments&post=3401"}],"version-history":[{"count":3,"href":"https:\/\/garbici.com\/index.php?rest_route=\/wp\/v2\/pages\/3401\/revisions"}],"predecessor-version":[{"id":4735,"href":"https:\/\/garbici.com\/index.php?rest_route=\/wp\/v2\/pages\/3401\/revisions\/4735"}],"wp:attachment":[{"href":"https:\/\/garbici.com\/index.php?rest_route=%2Fwp%2Fv2%2Fmedia&parent=3401"}],"curies":[{"name":"wp","href":"https:\/\/api.w.org\/{rel}","templated":true}]}}